{"id":2,"date":"2021-03-11T10:20:33","date_gmt":"2021-03-11T10:20:33","guid":{"rendered":"http:\/\/breetvelt.org\/?page_id=2"},"modified":"2023-03-27T16:02:34","modified_gmt":"2023-03-27T14:02:34","slug":"voorbeeld-pagina","status":"publish","type":"page","link":"https:\/\/breetvelt.org\/de\/","title":{"rendered":"Home"},"content":{"rendered":"<div id=\"wppa-container-wrapper-1\" class=\"alignnone wppa-container-wrapper \" style=\"width:100%;clear:both;padding:0;position:relative;\"><div id=\"wppa-container-1\" style=\"width:100%;\" class=\"wppa-container wp-caption\"><div style=\"font-size:0;line-height:0\"><img decoding=\"async\" id=\"ph-30-1\" title=\"gevel\" style=\"width:100%;margin:0;padding:0;border:none;\" src=\"https:\/\/breetvelt.org\/wp-content\/uploads\/wppa\/30.jpg?ver=420\" alt=\"gevel\" class=\"size-medium wppa-mphoto\"><\/div><div class=\"wp-caption-text\">Het bedrijfspand aan de Vlamingstraat te Delft<\/div><svg id=\"wppa-ajax-spin-1\" class=\"wppa-ajax-spin uil-default\" width=\"120px\" height=\"120px\" viewBox=\"0 0 100 100\" preserveAspectRatio=\"xMidYMid\" stroke=\"\" style=\"width:120px; height:120px; position:fixed; top:50%; margin-top:-60px; left:50%; margin-left:-60px; opacity:1; display:none; fill:#666666; background-color:transparent; border-radius:24px;\"><rect x=\"0\" y=\"0\" width=\"100\" height=\"100\" fill=\"none\" class=\"bk\"><\/rect><rect class=\"wppa-ajaxspin\" x=\"47\" y=\"40\" width=\"6\" height=\"20\" rx=\"3\" ry=\"3\" transform=\"rotate(0 50 50) translate(0 -32)\"><animate attributeName=\"opacity\" from=\"1\" to=\"0\" dur=\"1.5s\" begin=\"0s\" repeatCount=\"indefinite\" ><\/rect><rect class=\"wppa-ajaxspin\" x=\"47\" y=\"40\" width=\"6\" height=\"20\" rx=\"3\" ry=\"3\" transform=\"rotate(22.5 50 50) translate(0 -32)\"><animate attributeName=\"opacity\" from=\"1\" to=\"0\" dur=\"1.5s\" begin=\"0.09375s\" repeatCount=\"indefinite\" ><\/rect><rect class=\"wppa-ajaxspin\" x=\"47\" y=\"40\" width=\"6\" height=\"20\" rx=\"3\" ry=\"3\" transform=\"rotate(45 50 50) translate(0 -32)\"><animate attributeName=\"opacity\" from=\"1\" to=\"0\" dur=\"1.5s\" begin=\"0.1875s\" repeatCount=\"indefinite\" ><\/rect><rect class=\"wppa-ajaxspin\" x=\"47\" y=\"40\" width=\"6\" height=\"20\" rx=\"3\" ry=\"3\" transform=\"rotate(67.5 50 50) translate(0 -32)\"><animate attributeName=\"opacity\" from=\"1\" to=\"0\" dur=\"1.5s\" begin=\"0.28125s\" repeatCount=\"indefinite\" ><\/rect><rect class=\"wppa-ajaxspin\" x=\"47\" y=\"40\" width=\"6\" height=\"20\" rx=\"3\" ry=\"3\" transform=\"rotate(90 50 50) translate(0 -32)\"><animate attributeName=\"opacity\" from=\"1\" to=\"0\" dur=\"1.5s\" begin=\"0.375s\" repeatCount=\"indefinite\" ><\/rect><rect class=\"wppa-ajaxspin\" x=\"47\" y=\"40\" width=\"6\" height=\"20\" rx=\"3\" ry=\"3\" transform=\"rotate(112.5 50 50) translate(0 -32)\"><animate attributeName=\"opacity\" from=\"1\" to=\"0\" dur=\"1.5s\" begin=\"0.46875s\" repeatCount=\"indefinite\" ><\/rect><rect class=\"wppa-ajaxspin\" x=\"47\" y=\"40\" width=\"6\" height=\"20\" rx=\"3\" ry=\"3\" transform=\"rotate(135 50 50) translate(0 -32)\"><animate attributeName=\"opacity\" from=\"1\" to=\"0\" dur=\"1.5s\" begin=\"0.5625s\" repeatCount=\"indefinite\" ><\/rect><rect class=\"wppa-ajaxspin\" x=\"47\" y=\"40\" width=\"6\" height=\"20\" rx=\"3\" ry=\"3\" transform=\"rotate(157.5 50 50) translate(0 -32)\"><animate attributeName=\"opacity\" from=\"1\" to=\"0\" dur=\"1.5s\" begin=\"0.65625s\" repeatCount=\"indefinite\" ><\/rect><rect class=\"wppa-ajaxspin\" x=\"47\" y=\"40\" width=\"6\" height=\"20\" rx=\"3\" ry=\"3\" transform=\"rotate(180 50 50) translate(0 -32)\"><animate attributeName=\"opacity\" from=\"1\" to=\"0\" dur=\"1.5s\" begin=\"0.75s\" repeatCount=\"indefinite\" ><\/rect><rect class=\"wppa-ajaxspin\" x=\"47\" y=\"40\" width=\"6\" height=\"20\" rx=\"3\" ry=\"3\" transform=\"rotate(202.5 50 50) translate(0 -32)\"><animate attributeName=\"opacity\" from=\"1\" to=\"0\" dur=\"1.5s\" begin=\"0.84375s\" repeatCount=\"indefinite\" ><\/rect><rect class=\"wppa-ajaxspin\" x=\"47\" y=\"40\" width=\"6\" height=\"20\" rx=\"3\" ry=\"3\" transform=\"rotate(225 50 50) translate(0 -32)\"><animate attributeName=\"opacity\" from=\"1\" to=\"0\" dur=\"1.5s\" begin=\"0.9375s\" repeatCount=\"indefinite\" ><\/rect><rect class=\"wppa-ajaxspin\" x=\"47\" y=\"40\" width=\"6\" height=\"20\" rx=\"3\" ry=\"3\" transform=\"rotate(247.5 50 50) translate(0 -32)\"><animate attributeName=\"opacity\" from=\"1\" to=\"0\" dur=\"1.5s\" begin=\"1.03125s\" repeatCount=\"indefinite\" ><\/rect><rect class=\"wppa-ajaxspin\" x=\"47\" y=\"40\" width=\"6\" height=\"20\" rx=\"3\" ry=\"3\" transform=\"rotate(270 50 50) translate(0 -32)\"><animate attributeName=\"opacity\" from=\"1\" to=\"0\" dur=\"1.5s\" begin=\"1.125s\" repeatCount=\"indefinite\" ><\/rect><rect class=\"wppa-ajaxspin\" x=\"47\" y=\"40\" width=\"6\" height=\"20\" rx=\"3\" ry=\"3\" transform=\"rotate(292.5 50 50) translate(0 -32)\"><animate attributeName=\"opacity\" from=\"1\" to=\"0\" dur=\"1.5s\" begin=\"1.21875s\" repeatCount=\"indefinite\" ><\/rect><rect class=\"wppa-ajaxspin\" x=\"47\" y=\"40\" width=\"6\" height=\"20\" rx=\"3\" ry=\"3\" transform=\"rotate(315 50 50) translate(0 -32)\"><animate attributeName=\"opacity\" from=\"1\" to=\"0\" dur=\"1.5s\" begin=\"1.3125s\" repeatCount=\"indefinite\" ><\/rect><rect class=\"wppa-ajaxspin\" x=\"47\" y=\"40\" width=\"6\" height=\"20\" rx=\"3\" ry=\"3\" transform=\"rotate(337.5 50 50) translate(0 -32)\"><animate attributeName=\"opacity\" from=\"1\" to=\"0\" dur=\"1.5s\" begin=\"1.40625s\" repeatCount=\"indefinite\" ><\/rect><\/svg><\/div><\/div>\n<!-- End [wppa type=\"mphoto\" photo=\"30\"] \/de\/wp-json\/wp\/v2\/pages\/2 oc 1 27 queries in 43.5 ms. at 00:04. Max mem: 52.50 Mb. (cached) -->\n<h3 style=\"text-align: center;\">1993 &#8211; 2007<\/h3>\n<div class=\"alignwide\"><br \/>\nIm Zentrum der historischen Stadt Delft lebte das jahrhundertealte Handwerk des Orgelbaus wieder auf. Die Orgel fesselte Jacob N. Breetvelt schon seit seiner fr\u00fchen Jugend. Er findet, dass die nat\u00fcrlichen, durch Luft verursachten T\u00f6ne der menschlichen Stimme so nahe stehen, dass die Orgel mit ihren vielen M\u00f6glichkeiten vielleicht das faszinierendste Musikinstrument ist.<\/p>\n<p>Mehr als 25 Jahre widmete er den Orgeln seine gesamte Freizeit, bis er im Jahre 1993 (im Alter von 43 Jahren) beschloss, seinen Beruf als Automatisierer an den Nagel zu h\u00e4ngen, um sich von nun an rein professionell mit dem Orgelbau besch\u00e4ftigen zu k\u00f6nnen.<\/p>\n<p>Sein Ziel bestehete darin, die Emotion des Orgelspielens und das Erfahren der &#8222;lebenden&#8220; Orgelkl\u00e4nge einem gro\u00dfen Publikum erreichbar zu machen. Er entw\u00fcrfte und baute Truhenpositive und Kabinettorgeln f\u00fcr Wohnr\u00e4ume und S\u00e4le (bis zu ca. 250 Personen), die sowohl f\u00fcr den Konzertgebrauch als auch zur Begleitung von Kirchenges\u00e4ngen geeignet sind.<\/p>\n<p>Seine Orgeln werden gem\u00e4\u00df jahrhundertealten, bew\u00e4hrten Techniken angefertigt. Demgem\u00e4\u00df gebrauchte er mechanische Schleifladen und eine mechanische Traktur und verwendet er ausschlie\u00dflich Holzpfeifen. Diese Pfeifen bringen einen warmen, charaktervollen Ton hervor und eignen sich deswegen ganz besonders f\u00fcr Hausorgeln. So wie in den vergangenen Jahrhunderten von ber\u00fchmten Orgelbauern vorgemacht, gebraucht auch er die besten Materialien und Hilfsmittel, die zur Verf\u00fcgung stehen.<\/p>\n<p>Neben Orgeln mit klassischer Gestaltung, fertigte er mit ebenso gro\u00dfer Begeisterung auch Orgeln mit zeitgen\u00f6ssischer Architektur an.<\/p>\n<p>Obenstehendes f\u00fchrt in Kombinaton mit seinem im Laufe der Jahre &#8222;selbst&#8220; entwickelten Klangbild dazu, dass das Werk von Breetvelt in kulturhistorischer Hinsicht dem umfangreichen niederl\u00e4ndischen Orgelbesitz einen wertvollen Beitrag liefert.<br \/>\n<\/p>\n<\/div>\n <div id=\"wppa-container-wrapper-2\" class=\"alignnone wppa-container-wrapper \" style=\"width:100%;clear:both;padding:0;position:relative;\"><div id=\"wppa-container-2\" style=\"width:100%;\" class=\"wppa-container wp-caption\"><div style=\"font-size:0;line-height:0\"><img decoding=\"async\" id=\"ph-31-2\" title=\"jaap\" style=\"width:100%;margin:0;padding:0;border:none;\" src=\"https:\/\/breetvelt.org\/wp-content\/uploads\/wppa\/31.jpg?ver=420\" alt=\"jaap\" class=\"size-medium wppa-mphoto\"><\/div><div class=\"wp-caption-text\"><\/div><svg id=\"wppa-ajax-spin-2\" class=\"wppa-ajax-spin uil-default\" width=\"120px\" height=\"120px\" viewBox=\"0 0 100 100\" preserveAspectRatio=\"xMidYMid\" stroke=\"\" style=\"width:120px; height:120px; position:fixed; top:50%; margin-top:-60px; left:50%; margin-left:-60px; opacity:1; display:none; fill:#666666; background-color:transparent; border-radius:24px;\"><rect x=\"0\" y=\"0\" width=\"100\" height=\"100\" fill=\"none\" class=\"bk\"><\/rect><rect class=\"wppa-ajaxspin\" x=\"47\" y=\"40\" width=\"6\" height=\"20\" rx=\"3\" ry=\"3\" transform=\"rotate(0 50 50) translate(0 -32)\"><animate attributeName=\"opacity\" from=\"1\" to=\"0\" dur=\"1.5s\" begin=\"0s\" repeatCount=\"indefinite\" ><\/rect><rect class=\"wppa-ajaxspin\" x=\"47\" y=\"40\" width=\"6\" height=\"20\" rx=\"3\" ry=\"3\" transform=\"rotate(22.5 50 50) translate(0 -32)\"><animate attributeName=\"opacity\" from=\"1\" to=\"0\" dur=\"1.5s\" begin=\"0.09375s\" repeatCount=\"indefinite\" ><\/rect><rect class=\"wppa-ajaxspin\" x=\"47\" y=\"40\" width=\"6\" height=\"20\" rx=\"3\" ry=\"3\" transform=\"rotate(45 50 50) translate(0 -32)\"><animate attributeName=\"opacity\" from=\"1\" to=\"0\" dur=\"1.5s\" begin=\"0.1875s\" repeatCount=\"indefinite\" ><\/rect><rect class=\"wppa-ajaxspin\" x=\"47\" y=\"40\" width=\"6\" height=\"20\" rx=\"3\" ry=\"3\" transform=\"rotate(67.5 50 50) translate(0 -32)\"><animate attributeName=\"opacity\" from=\"1\" to=\"0\" dur=\"1.5s\" begin=\"0.28125s\" repeatCount=\"indefinite\" ><\/rect><rect class=\"wppa-ajaxspin\" x=\"47\" y=\"40\" width=\"6\" height=\"20\" rx=\"3\" ry=\"3\" transform=\"rotate(90 50 50) translate(0 -32)\"><animate attributeName=\"opacity\" from=\"1\" to=\"0\" dur=\"1.5s\" begin=\"0.375s\" repeatCount=\"indefinite\" ><\/rect><rect class=\"wppa-ajaxspin\" x=\"47\" y=\"40\" width=\"6\" height=\"20\" rx=\"3\" ry=\"3\" transform=\"rotate(112.5 50 50) translate(0 -32)\"><animate attributeName=\"opacity\" from=\"1\" to=\"0\" dur=\"1.5s\" begin=\"0.46875s\" repeatCount=\"indefinite\" ><\/rect><rect class=\"wppa-ajaxspin\" x=\"47\" y=\"40\" width=\"6\" height=\"20\" rx=\"3\" ry=\"3\" transform=\"rotate(135 50 50) translate(0 -32)\"><animate attributeName=\"opacity\" from=\"1\" to=\"0\" dur=\"1.5s\" begin=\"0.5625s\" repeatCount=\"indefinite\" ><\/rect><rect class=\"wppa-ajaxspin\" x=\"47\" y=\"40\" width=\"6\" height=\"20\" rx=\"3\" ry=\"3\" transform=\"rotate(157.5 50 50) translate(0 -32)\"><animate attributeName=\"opacity\" from=\"1\" to=\"0\" dur=\"1.5s\" begin=\"0.65625s\" repeatCount=\"indefinite\" ><\/rect><rect class=\"wppa-ajaxspin\" x=\"47\" y=\"40\" width=\"6\" height=\"20\" rx=\"3\" ry=\"3\" transform=\"rotate(180 50 50) translate(0 -32)\"><animate attributeName=\"opacity\" from=\"1\" to=\"0\" dur=\"1.5s\" begin=\"0.75s\" repeatCount=\"indefinite\" ><\/rect><rect class=\"wppa-ajaxspin\" x=\"47\" y=\"40\" width=\"6\" height=\"20\" rx=\"3\" ry=\"3\" transform=\"rotate(202.5 50 50) translate(0 -32)\"><animate attributeName=\"opacity\" from=\"1\" to=\"0\" dur=\"1.5s\" begin=\"0.84375s\" repeatCount=\"indefinite\" ><\/rect><rect class=\"wppa-ajaxspin\" x=\"47\" y=\"40\" width=\"6\" height=\"20\" rx=\"3\" ry=\"3\" transform=\"rotate(225 50 50) translate(0 -32)\"><animate attributeName=\"opacity\" from=\"1\" to=\"0\" dur=\"1.5s\" begin=\"0.9375s\" repeatCount=\"indefinite\" ><\/rect><rect class=\"wppa-ajaxspin\" x=\"47\" y=\"40\" width=\"6\" height=\"20\" rx=\"3\" ry=\"3\" transform=\"rotate(247.5 50 50) translate(0 -32)\"><animate attributeName=\"opacity\" from=\"1\" to=\"0\" dur=\"1.5s\" begin=\"1.03125s\" repeatCount=\"indefinite\" ><\/rect><rect class=\"wppa-ajaxspin\" x=\"47\" y=\"40\" width=\"6\" height=\"20\" rx=\"3\" ry=\"3\" transform=\"rotate(270 50 50) translate(0 -32)\"><animate attributeName=\"opacity\" from=\"1\" to=\"0\" dur=\"1.5s\" begin=\"1.125s\" repeatCount=\"indefinite\" ><\/rect><rect class=\"wppa-ajaxspin\" x=\"47\" y=\"40\" width=\"6\" height=\"20\" rx=\"3\" ry=\"3\" transform=\"rotate(292.5 50 50) translate(0 -32)\"><animate attributeName=\"opacity\" from=\"1\" to=\"0\" dur=\"1.5s\" begin=\"1.21875s\" repeatCount=\"indefinite\" ><\/rect><rect class=\"wppa-ajaxspin\" x=\"47\" y=\"40\" width=\"6\" height=\"20\" rx=\"3\" ry=\"3\" transform=\"rotate(315 50 50) translate(0 -32)\"><animate attributeName=\"opacity\" from=\"1\" to=\"0\" dur=\"1.5s\" begin=\"1.3125s\" repeatCount=\"indefinite\" ><\/rect><rect class=\"wppa-ajaxspin\" x=\"47\" y=\"40\" width=\"6\" height=\"20\" rx=\"3\" ry=\"3\" transform=\"rotate(337.5 50 50) translate(0 -32)\"><animate attributeName=\"opacity\" from=\"1\" to=\"0\" dur=\"1.5s\" begin=\"1.40625s\" repeatCount=\"indefinite\" ><\/rect><\/svg><\/div><\/div>\n<!-- End [wppa type=\"mphoto\" photo=\"31\"] \/de\/wp-json\/wp\/v2\/pages\/2 oc 2 20 queries in 29.1 ms. at 00:04. Max mem: 52.50 Mb. (cached) -->\n<div> \n<!-- Start container 3 --><div id=\"wppa-modal-container-3\" class=\"wppa-modal-container\" style=\"position:relative;z-index:100000;\" data-wppa=\"yes\"><\/div><div id=\"wppa-container-wrapper-3\" class=\"alignleft wppa-container-wrapper \" style=\"clear:left; width:100%;clear:both;float:left;padding:0;position:relative;\"><div id=\"wppa-container-3\" style=\"width:100%;\" class=\"wppa-container wppa-container-3 wppa-rev-9110011 wppa-prevrev-9109005 wppa-theme-9.1.10.011 wppa-api-9.1.10.011\"><svg id=\"wppa-ajax-spin-3\" class=\"wppa-ajax-spin uil-default\" width=\"120px\" height=\"120px\" viewBox=\"0 0 100 100\" preserveAspectRatio=\"xMidYMid\" stroke=\"\" style=\"width:120px; height:120px; position:fixed; top:50%; margin-top:-60px; left:50%; margin-left:-60px; opacity:1; display:none; fill:#666666; background-color:transparent; border-radius:24px;\"><rect x=\"0\" y=\"0\" width=\"100\" height=\"100\" fill=\"none\" class=\"bk\"><\/rect><rect class=\"wppa-ajaxspin\" x=\"47\" y=\"40\" width=\"6\" height=\"20\" rx=\"3\" ry=\"3\" transform=\"rotate(0 50 50) translate(0 -32)\"><animate attributeName=\"opacity\" from=\"1\" to=\"0\" dur=\"1.5s\" begin=\"0s\" repeatCount=\"indefinite\" ><\/rect><rect class=\"wppa-ajaxspin\" x=\"47\" y=\"40\" width=\"6\" height=\"20\" rx=\"3\" ry=\"3\" transform=\"rotate(22.5 50 50) translate(0 -32)\"><animate attributeName=\"opacity\" from=\"1\" to=\"0\" dur=\"1.5s\" begin=\"0.09375s\" repeatCount=\"indefinite\" ><\/rect><rect class=\"wppa-ajaxspin\" x=\"47\" y=\"40\" width=\"6\" height=\"20\" rx=\"3\" ry=\"3\" transform=\"rotate(45 50 50) translate(0 -32)\"><animate attributeName=\"opacity\" from=\"1\" to=\"0\" dur=\"1.5s\" begin=\"0.1875s\" repeatCount=\"indefinite\" ><\/rect><rect class=\"wppa-ajaxspin\" x=\"47\" y=\"40\" width=\"6\" height=\"20\" rx=\"3\" ry=\"3\" transform=\"rotate(67.5 50 50) translate(0 -32)\"><animate attributeName=\"opacity\" from=\"1\" to=\"0\" dur=\"1.5s\" begin=\"0.28125s\" repeatCount=\"indefinite\" ><\/rect><rect class=\"wppa-ajaxspin\" x=\"47\" y=\"40\" width=\"6\" height=\"20\" rx=\"3\" ry=\"3\" transform=\"rotate(90 50 50) translate(0 -32)\"><animate attributeName=\"opacity\" from=\"1\" to=\"0\" dur=\"1.5s\" begin=\"0.375s\" repeatCount=\"indefinite\" ><\/rect><rect class=\"wppa-ajaxspin\" x=\"47\" y=\"40\" width=\"6\" height=\"20\" rx=\"3\" ry=\"3\" transform=\"rotate(112.5 50 50) translate(0 -32)\"><animate attributeName=\"opacity\" from=\"1\" to=\"0\" dur=\"1.5s\" begin=\"0.46875s\" repeatCount=\"indefinite\" ><\/rect><rect class=\"wppa-ajaxspin\" x=\"47\" y=\"40\" width=\"6\" height=\"20\" rx=\"3\" ry=\"3\" transform=\"rotate(135 50 50) translate(0 -32)\"><animate attributeName=\"opacity\" from=\"1\" to=\"0\" dur=\"1.5s\" begin=\"0.5625s\" repeatCount=\"indefinite\" ><\/rect><rect class=\"wppa-ajaxspin\" x=\"47\" y=\"40\" width=\"6\" height=\"20\" rx=\"3\" ry=\"3\" transform=\"rotate(157.5 50 50) translate(0 -32)\"><animate attributeName=\"opacity\" from=\"1\" to=\"0\" dur=\"1.5s\" begin=\"0.65625s\" repeatCount=\"indefinite\" ><\/rect><rect class=\"wppa-ajaxspin\" x=\"47\" y=\"40\" width=\"6\" height=\"20\" rx=\"3\" ry=\"3\" transform=\"rotate(180 50 50) translate(0 -32)\"><animate attributeName=\"opacity\" from=\"1\" to=\"0\" dur=\"1.5s\" begin=\"0.75s\" repeatCount=\"indefinite\" ><\/rect><rect class=\"wppa-ajaxspin\" x=\"47\" y=\"40\" width=\"6\" height=\"20\" rx=\"3\" ry=\"3\" transform=\"rotate(202.5 50 50) translate(0 -32)\"><animate attributeName=\"opacity\" from=\"1\" to=\"0\" dur=\"1.5s\" begin=\"0.84375s\" repeatCount=\"indefinite\" ><\/rect><rect class=\"wppa-ajaxspin\" x=\"47\" y=\"40\" width=\"6\" height=\"20\" rx=\"3\" ry=\"3\" transform=\"rotate(225 50 50) translate(0 -32)\"><animate attributeName=\"opacity\" from=\"1\" to=\"0\" dur=\"1.5s\" begin=\"0.9375s\" repeatCount=\"indefinite\" ><\/rect><rect class=\"wppa-ajaxspin\" x=\"47\" y=\"40\" width=\"6\" height=\"20\" rx=\"3\" ry=\"3\" transform=\"rotate(247.5 50 50) translate(0 -32)\"><animate attributeName=\"opacity\" from=\"1\" to=\"0\" dur=\"1.5s\" begin=\"1.03125s\" repeatCount=\"indefinite\" ><\/rect><rect class=\"wppa-ajaxspin\" x=\"47\" y=\"40\" width=\"6\" height=\"20\" rx=\"3\" ry=\"3\" transform=\"rotate(270 50 50) translate(0 -32)\"><animate attributeName=\"opacity\" from=\"1\" to=\"0\" dur=\"1.5s\" begin=\"1.125s\" repeatCount=\"indefinite\" ><\/rect><rect class=\"wppa-ajaxspin\" x=\"47\" y=\"40\" width=\"6\" height=\"20\" rx=\"3\" ry=\"3\" transform=\"rotate(292.5 50 50) translate(0 -32)\"><animate attributeName=\"opacity\" from=\"1\" to=\"0\" dur=\"1.5s\" begin=\"1.21875s\" repeatCount=\"indefinite\" ><\/rect><rect class=\"wppa-ajaxspin\" x=\"47\" y=\"40\" width=\"6\" height=\"20\" rx=\"3\" ry=\"3\" transform=\"rotate(315 50 50) translate(0 -32)\"><animate attributeName=\"opacity\" from=\"1\" to=\"0\" dur=\"1.5s\" begin=\"1.3125s\" repeatCount=\"indefinite\" ><\/rect><rect class=\"wppa-ajaxspin\" x=\"47\" y=\"40\" width=\"6\" height=\"20\" rx=\"3\" ry=\"3\" transform=\"rotate(337.5 50 50) translate(0 -32)\"><animate attributeName=\"opacity\" from=\"1\" to=\"0\" dur=\"1.5s\" begin=\"1.40625s\" repeatCount=\"indefinite\" ><\/rect><\/svg><input type=\"hidden\" id=\"wppa-nonce-0-3\" name=\"wppa-nonce\" value=\"be851c30ae\" ><script>jQuery(document).ready(function(){\/* START OCCURRANCE 3 *\/;wppaAutoColumnWidth[3] = true;wppaAutoColumnFrac[3] = 1.0;wppaColWidth[3] = 0;wppaMCRWidth[3] = 0;wppaTopMoc = Math.max(wppaTopMoc,3);wppaMasonryCols[3] = 0;wppaCoverImageResponsive[3] = false;wppaAspectRatio[3] = 0.75;wppaFullSize[3] = 640;wppaFullFrameDelta[3] = 0;wppaFilmStripLength[3] = 554;wppaThumbnailPitch[3] = 104;wppaFilmStripMargin[3] = 2;wppaFilmStripAreaDelta[3] = 98;wppaPreambule[3] = 4;wppaIsMini[3] = false;wppaSlideBlank[3] = false;wppaSlideWrap[3] = true;wppaLightBox[3] = \"xxx\";wppaSearchBoxSelItems[3] = 1;wppaFilmInit[3] = false;wppaMaxOccur = Math.max( wppaMaxOccur, 3 );})<\/script><div id=\"wppa-audioonly-div-3\" class=\"wppa-box\" style=\"margin-bottom:0; border-bottom:none; border-radius:6px 6px 0px 0px;\"><audio id=\"wppa-audioonly-3\" style=\"height:20px;width:100%;\" controls preload=\"metadata\" onended=\"wppaAudioOnlyNext(3)\"><source id=\"wppa-audio-source-3\" src=\"\" type=\"audio\/mpeg\"><\/audio><\/div><div id=\"wppa-audio-only-3\" class=\"wppa-box audiolist wppa-audio-only wppa-audio-only-3\" style=\"overflow:auto; border-radius: 0px 0px 6px 6px; border-top:none; margin-top:-6px; \"><div id=\"audioonly-3\" style=\"margin-top:4px;\"><div style=\"width:100%;overflow:hidden;white-space: nowrap;\"><a id=\"audiolabel-3-1\" class=\"wppa-audiolabel wppa-audiolabel-3\" style=\"cursor:pointer;\" onclick=\"wppaDoAudioOnly('wppa-audioonly-3',['https:\/\/breetvelt.org\/wp-content\/uploads\/wppa\/96.mp3'],1,3);\" onmouseover=\"wppaShowAudioDesc(1,3);\" onmouseout=\"wppaHideAudioDesc(1,3);\">J.S. Bach <\/a><span style=\"float:right;\">6' 25\" <\/span><div id=\"audiodesc-3-1\" class=\"wppa-audiodesc wppa-audiodesc-3\" style=\"font-size:0.8em;font-style:italic;display:none;\">Concert voor twee clavecymbels in c, J.S. Bach, deel 1: Allegro<br> Frank den Bakker op Opus 22, links<br> Gijsbert Kok op Opus 24, rechts<br> Opnamedatum 13 juni 1998 (JNB100:14)<br><\/div><\/div><div style=\"width:100%;overflow:hidden;white-space: nowrap;\"><a id=\"audiolabel-3-2\" class=\"wppa-audiolabel wppa-audiolabel-3\" style=\"cursor:pointer;\" onclick=\"wppaDoAudioOnly('wppa-audioonly-3',['https:\/\/breetvelt.org\/wp-content\/uploads\/wppa\/97.mp3'],2,3);\" onmouseover=\"wppaShowAudioDesc(2,3);\" onmouseout=\"wppaHideAudioDesc(2,3);\">P.A. Soler <\/a><span style=\"float:right;\">10' 12\" <\/span><div id=\"audiodesc-3-2\" class=\"wppa-audiodesc wppa-audiodesc-3\" style=\"font-size:0.8em;font-style:italic;display:none;\">Concerto 1 in C voor 2 orgels, P.A. Soler<br> Frank den Bakker op Opus 22, links<br> Gijsbert Kok op opus 24, rechts<br> Opnamedatum 13 juni 1998 (JNB100:20)<br><\/div><\/div><br><\/div><div class=\"wppa-clear\"><\/div><\/div><div style=\"clear:both;\"><\/div><div id=\"wppa-container-3-end\"><\/div><\/div><\/div><script>jQuery(document).ready(function(){jQuery(window).trigger(\"resize\");})<\/script>\n<!-- End [wppa type=\"audio\" album=\"1\" align=\"left\"] \/de\/wp-json\/wp\/v2\/pages\/2 oc 3 14 queries in 21.6 ms. at 00:04. Max mem: 52.50 Mb. (cached) --><\/div>","protected":false},"excerpt":{"rendered":"<p>1993 &#8211; 2007 Im Zentrum der historischen Stadt Delft lebte das jahrhundertealte Handwerk des Orgelbaus wieder auf. Die Orgel fesselte Jacob N. Breetvelt schon seit seiner fr\u00fchen Jugend. Er findet, dass die nat\u00fcrlichen, durch Luft verursachten T\u00f6ne der menschlichen Stimme so nahe stehen, dass die Orgel mit ihren vielen M\u00f6glichkeiten vielleicht das faszinierendste Musikinstrument ist.&hellip; <a class=\"more-link\" href=\"https:\/\/breetvelt.org\/de\/\"><span class=\"screen-reader-text\">Home<\/span> weiterlesen<\/a><\/p>\n","protected":false},"author":1,"featured_media":0,"parent":0,"menu_order":0,"comment_status":"closed","ping_status":"open","template":"","meta":{"footnotes":""},"class_list":["post-2","page","type-page","status-publish","hentry","entry"],"_links":{"self":[{"href":"https:\/\/breetvelt.org\/de\/wp-json\/wp\/v2\/pages\/2","targetHints":{"allow":["GET"]}}],"collection":[{"href":"https:\/\/breetvelt.org\/de\/wp-json\/wp\/v2\/pages"}],"about":[{"href":"https:\/\/breetvelt.org\/de\/wp-json\/wp\/v2\/types\/page"}],"author":[{"embeddable":true,"href":"https:\/\/breetvelt.org\/de\/wp-json\/wp\/v2\/users\/1"}],"replies":[{"embeddable":true,"href":"https:\/\/breetvelt.org\/de\/wp-json\/wp\/v2\/comments?post=2"}],"version-history":[{"count":12,"href":"https:\/\/breetvelt.org\/de\/wp-json\/wp\/v2\/pages\/2\/revisions"}],"predecessor-version":[{"id":346,"href":"https:\/\/breetvelt.org\/de\/wp-json\/wp\/v2\/pages\/2\/revisions\/346"}],"wp:attachment":[{"href":"https:\/\/breetvelt.org\/de\/wp-json\/wp\/v2\/media?parent=2"}],"curies":[{"name":"wp","href":"https:\/\/api.w.org\/{rel}","templated":true}]}}